{"id":96,"date":"2024-03-31T13:04:11","date_gmt":"2024-03-31T11:04:11","guid":{"rendered":"https:\/\/miasmassagemariestad.se\/?page_id=96"},"modified":"2026-03-28T14:22:28","modified_gmt":"2026-03-28T13:22:28","slug":"hitta-hit","status":"publish","type":"page","link":"https:\/\/miasmassagemariestad.se\/?page_id=96","title":{"rendered":"Hitta hit"},"content":{"rendered":"\n<p class=\"has-text-align-left\">Drottning Kristinas V\u00e4g 61, 542 44 Mariestad<\/p>\n\n\n\n<iframe src=\"https:\/\/www.google.com\/maps\/embed?pb=!1m18!1m12!1m3!1d1036.269989831142!2d13.805746562266869!3d58.70414928733391!2m3!1f0!2f0!3f0!3m2!1i1024!2i768!4f13.1!3m3!1m2!1s0x465b13175f557653%3A0x4f02f56a7977549e!2sMias%20Massage!5e0!3m2!1ssv!2sse!4v1711882896885!5m2!1ssv!2sse\" width=\"600\" height=\"450\" style=\"border:0;\" allowfullscreen=\"\" loading=\"lazy\" referrerpolicy=\"no-referrer-when-downgrade\"><\/iframe>\n\n\n\n<p>Det finns g\u00e4stpakeringar mellan garagen, som betalas med Parkster. Huset har r\u00f6tt tegel och behandlingsrummet finns en trappa ner.<\/p>\n\n\n\n<p><\/p>\n\n\n\n<p><\/p>\n\n\n\n<p><\/p>\n","protected":false},"excerpt":{"rendered":"<p>Drottning Kristinas V\u00e4g 61, 542 44 Mariestad Det finns g\u00e4stpakeringar mellan garagen, som betalas med Parkster. Huset har r\u00f6tt tegel och behandlingsrummet finns en trappa ner.<\/p>\n","protected":false},"author":2,"featured_media":0,"parent":0,"menu_order":0,"comment_status":"closed","ping_status":"closed","template":"","meta":{"footnotes":""},"class_list":["post-96","page","type-page","status-publish","hentry"],"_links":{"self":[{"href":"https:\/\/miasmassagemariestad.se\/index.php?rest_route=\/wp\/v2\/pages\/96","targetHints":{"allow":["GET"]}}],"collection":[{"href":"https:\/\/miasmassagemariestad.se\/index.php?rest_route=\/wp\/v2\/pages"}],"about":[{"href":"https:\/\/miasmassagemariestad.se\/index.php?rest_route=\/wp\/v2\/types\/page"}],"author":[{"embeddable":true,"href":"https:\/\/miasmassagemariestad.se\/index.php?rest_route=\/wp\/v2\/users\/2"}],"replies":[{"embeddable":true,"href":"https:\/\/miasmassagemariestad.se\/index.php?rest_route=%2Fwp%2Fv2%2Fcomments&post=96"}],"version-history":[{"count":16,"href":"https:\/\/miasmassagemariestad.se\/index.php?rest_route=\/wp\/v2\/pages\/96\/revisions"}],"predecessor-version":[{"id":589,"href":"https:\/\/miasmassagemariestad.se\/index.php?rest_route=\/wp\/v2\/pages\/96\/revisions\/589"}],"wp:attachment":[{"href":"https:\/\/miasmassagemariestad.se\/index.php?rest_route=%2Fwp%2Fv2%2Fmedia&parent=96"}],"curies":[{"name":"wp","href":"https:\/\/api.w.org\/{rel}","templated":true}]}}