{"id":46,"date":"2024-03-05T19:23:15","date_gmt":"2024-03-05T18:23:15","guid":{"rendered":"https:\/\/miasmassagemariestad.se\/?page_id=46"},"modified":"2026-04-17T08:43:01","modified_gmt":"2026-04-17T06:43:01","slug":"prislista","status":"publish","type":"page","link":"https:\/\/miasmassagemariestad.se\/?page_id=46","title":{"rendered":"Behandlingar"},"content":{"rendered":"\n<div class=\"wp-block-columns is-layout-flex wp-container-core-columns-is-layout-9d6595d7 wp-block-columns-is-layout-flex\">\n<div class=\"wp-block-column is-layout-flow wp-block-column-is-layout-flow\" style=\"flex-basis:100%\">\n<ul class=\"wp-block-list\">\n<li>Klassisk Massage 30 min 450:-, 45 min 600:-, 50 min 650:-, 60 min 750:-<\/li>\n\n\n\n<li>Naturlig Facelift 60min 750:-<\/li>\n\n\n\n<li>Zonterapi 60 min 750:-<\/li>\n\n\n\n<li>Taktil Massage 60 min 750:-<\/li>\n\n\n\n<li>Akupressur 60 min 750:-<\/li>\n\n\n\n<li>Akupressur-Nackbehandling 25 min 400 :-<\/li>\n\n\n\n<li>Lymfmassage 60 min 750:-, 90 min 1050:-<\/li>\n\n\n\n<li>\u00d6ronakupunktur med akupunkturfr\u00f6n &amp; Rygg- och Nackmassage ca 50 min 400 kr (H\u00f6r av dig om du vill boka \u00f6ronakupunktur)<\/li>\n<\/ul>\n<\/div>\n<\/div>\n\n\n\n<p><strong>Klassisk Massage<\/strong> \u00e4r en effektiv massage f\u00f6r sp\u00e4nda och tr\u00f6tta muskler. Med olika massageteknike mjukas muskler upp, cirkulationen \u00f6kar ocn kroppen f\u00e5r hj\u00e4lp att sl\u00e4ppa p\u00e5 sp\u00e4nningar.  30 min 450:-, 45 min 600:-, 50 min 650:-, 60 min 750:-<\/p>\n\n\n\n<p>Perfekt f\u00f6r dig som vill lindra muskelv\u00e4rk, f\u00f6rb\u00e4ttra r\u00f6rlighet eller bara unna dig en stunds djup avslappning. Du ligger p\u00e5 massageb\u00e4nken och jag arbetar direkt p\u00e5 exempelvis din rygg, nacke och axlar, d\u00e4r du k\u00e4nner sm\u00e4rta. (30, 40, 50 eller 60 min)<\/p>\n\n\n\n<p><strong>Lymfmassage<\/strong> \u00e4r en lugn och mjuk och terapeutisk massage som syftar till att stimulera kroppens lymfsystem, vilket fr\u00e4mjar eliminering av slaggprodukter och st\u00e4rker immunf\u00f6rsvaret, genom l\u00e4tta tryck och strykningar i lymffl\u00f6dets riktning. En mycket lugnande behandling som passar alla men speciellt personer med n\u00e5gon typ av svullnad, sm\u00e4rta, domningar eller tr\u00f6tthetssymtom. 60 min 750:-, 90 min 1050:-<\/p>\n\n\n\n<p><strong>Akupressur<\/strong> \u00e4r en behandlingsmetod d\u00e4r tryck appliceras p\u00e5 specifika punkter med fingertopparna p\u00e5 kroppens akupunkter f\u00f6r att stimulera energifl\u00f6det och kroppens egen balans och hj\u00e4lper till vid sj\u00e4lvl\u00e4kning. Du ligger p\u00e5 b\u00e4nken med kl\u00e4derna p\u00e5 och eventuellt en filt om dig. Under hela behandlingen sitter jag vid sidan av b\u00e4nken och trycker p\u00e5 de akupunkter som ing\u00e5r i just din behandling, vilket utg\u00e5r fr\u00e5n dina problem och avslutas med nackbehandling. Akupressur \u00e4r bra mot t ex stress, v\u00e4rk i rygg, nacke, axlar, men \u00e4ven astma och allergi. Vid f\u00f6rsta bes\u00f6ket g\u00f6r vi en anamnes, om dina aktuella problem som akupressuren kan hj\u00e4lpa dig. 60 min 750:-,   Akupressur-Nackbehandling 25 min 400 :-<\/p>\n\n\n\n<p><strong>Naturlig Facelift<\/strong> \u00e4r en naturlig ansiksbehandling som kombinerar ansiktsmassage, akupressur och lymsftimulerande tekniker. Behandlingen hj\u00e4lper till att \u00f6ka cirkulationen, minska sp\u00e4nningar och ge huden ny lyster. 60min 750:-<\/p>\n\n\n\n<p>Resultatet \u00e4r ett mer avslappnat och vitalt utseende &#8211; helt naturligt och utan kirurgiska ingrepp, som ger en djup avslappning och skapar balans i energisystemet. Djup\u00e5ende massage i ansikte, hals, axlar och huvud.<\/p>\n\n\n\n<p><strong>Taktil behandling\/massage <\/strong>En mjuk behandling som \u00e4r en blandning av mjuka strykningar och stillhet som ges med ett lagom h\u00e5rt tryck, inte f\u00f6r l\u00f6st eller f\u00f6r h\u00e5rt. Behandlingen stimulerar kroppens egna lugn och ro system och \u00e4r bra f\u00f6r dig som beh\u00f6ver slappna av och \u00f6ka ditt v\u00e4lbefinnande, vilket ocks\u00e5 \u00e4r bra om du k\u00e4nner dig stressad eller stel eller bara vill slappna av f\u00f6r en stund. Du ligger inb\u00e4ddad i handdukar och eventuellt filt, beroende p\u00e5 hur frusen du \u00e4r, och bara den kroppsdel som masseras som \u00e4r utan handduk. Massagen \u00e4r p\u00e5 rygg, nacke, ansikte, hand, arm, mage, fot och ben. 60 min 750:-<\/p>\n\n\n\n<p><strong>Zonterapi<\/strong> &#8211; <strong>Fotreflexologi <\/strong>En behandling d\u00e4r specifika punkter p\u00e5 f\u00f6tterna stimuleras f\u00f6r att p\u00e5verka olika delar av kroppen. Genom tryck och massage p\u00e5 dessa zoner kan kroppens balans och sj\u00e4lvl\u00e4kande processer st\u00f6djas. 60 min 750:-<\/p>\n\n\n\n<p>M\u00e5nga upplever behandlingen som b\u00e5de djup och avslappnande och energigivande.<\/p>\n\n\n\n<p><strong><br><strong>\u00d6ronakupunktur med akupunkturfr\u00f6n &amp; Rygg- och Nackmassage<\/strong><\/strong> En avslappnande och balanserande behandling d\u00e4r vi kombinerar \u00f6ronakupunktur med akupunkturfr\u00f6n och rygg- och nackmassage.<\/p>\n\n\n\n<p>Under behandlingen placeras sm\u00e5 akupunkturfr\u00f6n p\u00e5 specifika punkter i \u00f6rat f\u00f6r att stimulera kroppens egna l\u00e4kningssystem och hj\u00e4lpa till att minska stress, sp\u00e4nningar och obalanser. Samtidigt f\u00e5r du en lugnande rygg- och nackmassage som l\u00f6ser upp muskelsp\u00e4nningar och f\u00f6rb\u00e4ttrar blodcirkulationen.<\/p>\n\n\n\n<p>Behandlingen \u00e4r b\u00e5de avslappnande och energigivande och kan hj\u00e4lpa vid bland annat stress, sp\u00e4nda muskler, huvudv\u00e4rk och tr\u00f6tthet. 50 min 400 kr<\/p>\n\n\n\n<p><\/p>\n\n\n\n<p><\/p>\n","protected":false},"excerpt":{"rendered":"<p>Klassisk Massage \u00e4r en effektiv massage f\u00f6r sp\u00e4nda och tr\u00f6tta muskler. Med olika massageteknike mjukas muskler upp, cirkulationen \u00f6kar ocn kroppen f\u00e5r hj\u00e4lp att sl\u00e4ppa p\u00e5 sp\u00e4nningar. 30 min 450:-, 45 min 600:-, 50 min 650:-, 60 min 750:- Perfekt f\u00f6r dig som vill lindra muskelv\u00e4rk, f\u00f6rb\u00e4ttra r\u00f6rlighet eller bara unna dig en stunds djup &hellip; <\/p>\n","protected":false},"author":3,"featured_media":0,"parent":0,"menu_order":0,"comment_status":"closed","ping_status":"closed","template":"","meta":{"footnotes":""},"class_list":["post-46","page","type-page","status-publish","hentry"],"_links":{"self":[{"href":"https:\/\/miasmassagemariestad.se\/index.php?rest_route=\/wp\/v2\/pages\/46","targetHints":{"allow":["GET"]}}],"collection":[{"href":"https:\/\/miasmassagemariestad.se\/index.php?rest_route=\/wp\/v2\/pages"}],"about":[{"href":"https:\/\/miasmassagemariestad.se\/index.php?rest_route=\/wp\/v2\/types\/page"}],"author":[{"embeddable":true,"href":"https:\/\/miasmassagemariestad.se\/index.php?rest_route=\/wp\/v2\/users\/3"}],"replies":[{"embeddable":true,"href":"https:\/\/miasmassagemariestad.se\/index.php?rest_route=%2Fwp%2Fv2%2Fcomments&post=46"}],"version-history":[{"count":55,"href":"https:\/\/miasmassagemariestad.se\/index.php?rest_route=\/wp\/v2\/pages\/46\/revisions"}],"predecessor-version":[{"id":597,"href":"https:\/\/miasmassagemariestad.se\/index.php?rest_route=\/wp\/v2\/pages\/46\/revisions\/597"}],"wp:attachment":[{"href":"https:\/\/miasmassagemariestad.se\/index.php?rest_route=%2Fwp%2Fv2%2Fmedia&parent=46"}],"curies":[{"name":"wp","href":"https:\/\/api.w.org\/{rel}","templated":true}]}}