{"id":40,"date":"2024-03-05T18:58:24","date_gmt":"2024-03-05T17:58:24","guid":{"rendered":"https:\/\/miasmassagemariestad.se\/?page_id=40"},"modified":"2026-03-24T14:06:52","modified_gmt":"2026-03-24T13:06:52","slug":"hem","status":"publish","type":"page","link":"https:\/\/miasmassagemariestad.se\/","title":{"rendered":"Hem"},"content":{"rendered":"\n<p>V\u00e4lkommen till Mias Massage!<\/p>\n\n\n\n<p>Jag anpassar varje behandling efter dina behov, oavsett om du s\u00f6ker avslappning, vill mjuka upp stela muskler eller bara unna dig en stunds lugn och \u00e5terh\u00e4mtning.<\/p>\n\n\n\n<p>Se det som en investering p\u00e5 dig sj\u00e4lv och p\u00e5 din h\u00e4lsa, och g\u00f6r det du kan. Det viktiga \u00e4r att du t\u00e4nker p\u00e5 hur du r\u00f6r dig i din vardag, hur du sitter och hur l\u00e4nge, att du inte sitter f\u00f6r l\u00e4nge vid datorn eller mobiltelefonen, utan tar en paus och g\u00f6r lite r\u00f6relse eller h\u00e4mtar n\u00e5gonting fr\u00e5n ett annat rum. Eller om du jobbar med tunga lyft, eller med armarna upp\u00e5t mycket, d\u00e5 \u00e4r det l\u00e4tt att du f\u00e5r ont i kroppen. \u00c4ven om du inte jobbar alls, om du \u00e4r sjukskriven eller bara dagledig, s\u00e5 \u00e4r det mycket viktigt att r\u00f6ra sig f\u00f6r att inte kroppen ska stelna till.<\/p>\n\n\n\n<p><\/p>\n\n\n\n<p><\/p>\n","protected":false},"excerpt":{"rendered":"<p>V\u00e4lkommen till Mias Massage! Jag anpassar varje behandling efter dina behov, oavsett om du s\u00f6ker avslappning, vill mjuka upp stela muskler eller bara unna dig en stunds lugn och \u00e5terh\u00e4mtning. Se det som en investering p\u00e5 dig sj\u00e4lv och p\u00e5 din h\u00e4lsa, och g\u00f6r det du kan. Det viktiga \u00e4r att du t\u00e4nker p\u00e5 hur &hellip; <\/p>\n","protected":false},"author":3,"featured_media":0,"parent":0,"menu_order":0,"comment_status":"closed","ping_status":"closed","template":"","meta":{"footnotes":""},"class_list":["post-40","page","type-page","status-publish","hentry"],"_links":{"self":[{"href":"https:\/\/miasmassagemariestad.se\/index.php?rest_route=\/wp\/v2\/pages\/40","targetHints":{"allow":["GET"]}}],"collection":[{"href":"https:\/\/miasmassagemariestad.se\/index.php?rest_route=\/wp\/v2\/pages"}],"about":[{"href":"https:\/\/miasmassagemariestad.se\/index.php?rest_route=\/wp\/v2\/types\/page"}],"author":[{"embeddable":true,"href":"https:\/\/miasmassagemariestad.se\/index.php?rest_route=\/wp\/v2\/users\/3"}],"replies":[{"embeddable":true,"href":"https:\/\/miasmassagemariestad.se\/index.php?rest_route=%2Fwp%2Fv2%2Fcomments&post=40"}],"version-history":[{"count":85,"href":"https:\/\/miasmassagemariestad.se\/index.php?rest_route=\/wp\/v2\/pages\/40\/revisions"}],"predecessor-version":[{"id":567,"href":"https:\/\/miasmassagemariestad.se\/index.php?rest_route=\/wp\/v2\/pages\/40\/revisions\/567"}],"wp:attachment":[{"href":"https:\/\/miasmassagemariestad.se\/index.php?rest_route=%2Fwp%2Fv2%2Fmedia&parent=40"}],"curies":[{"name":"wp","href":"https:\/\/api.w.org\/{rel}","templated":true}]}}