{"id":30,"date":"2024-03-05T17:55:54","date_gmt":"2024-03-05T16:55:54","guid":{"rendered":"https:\/\/miasmassagemariestad.se\/?page_id=30"},"modified":"2026-04-06T09:41:42","modified_gmt":"2026-04-06T07:41:42","slug":"om","status":"publish","type":"page","link":"https:\/\/miasmassagemariestad.se\/?page_id=30","title":{"rendered":"Om"},"content":{"rendered":"\n<figure class=\"wp-block-image size-full is-resized\"><img loading=\"lazy\" decoding=\"async\" width=\"1346\" height=\"2560\" src=\"https:\/\/miasmassagemariestad.se\/wp-content\/uploads\/2026\/04\/20260405_155751o-scaled.jpg\" alt=\"\" class=\"wp-image-593\" style=\"aspect-ratio:0.46211094408437864;width:274px;height:auto\" srcset=\"https:\/\/miasmassagemariestad.se\/wp-content\/uploads\/2026\/04\/20260405_155751o-scaled.jpg 1346w, https:\/\/miasmassagemariestad.se\/wp-content\/uploads\/2026\/04\/20260405_155751o-158x300.jpg 158w, https:\/\/miasmassagemariestad.se\/wp-content\/uploads\/2026\/04\/20260405_155751o-538x1024.jpg 538w, https:\/\/miasmassagemariestad.se\/wp-content\/uploads\/2026\/04\/20260405_155751o-768x1461.jpg 768w, https:\/\/miasmassagemariestad.se\/wp-content\/uploads\/2026\/04\/20260405_155751o-808x1536.jpg 808w, https:\/\/miasmassagemariestad.se\/wp-content\/uploads\/2026\/04\/20260405_155751o-1077x2048.jpg 1077w\" sizes=\"auto, (max-width: 1346px) 100vw, 1346px\" \/><\/figure>\n\n\n\n<p>Mitt namn \u00e4r Mia och har alltid varit intresserad av friskv\u00e5rd, b\u00e5de f\u00f6r egen del och viljan av att kunna hj\u00e4lpa andra att m\u00e5 b\u00e4ttre och kunna orka med vardagen, b\u00e5de i arbetslivet och p\u00e5 fritiden. Genom \u00e5ren har jag insett hur stor betydelse fysisk aktivitet, \u00e5terh\u00e4mtning och goda levnadsvanor har f\u00f6r b\u00e5de den fysiska och psykiska h\u00e4lsan, motiveras \u00e4ven av att se m\u00e4nniskor utvecklas, f\u00e5 \u00f6kad energi och hitta balans i vardagen, vilket \u00e4r en stark drivkrft f\u00f6r mig att vilja arbeta inom friskv\u00e5rd.<\/p>\n\n\n\n<p>Min friskv\u00e5rdsresa b\u00f6rjade med Taktil Stimulering (Taktil massage) 2004, vilket k\u00e4ndes fantastiskt, b\u00e5de att ge och att f\u00e5.<\/p>\n\n\n\n<p>2013 b\u00f6rjade jag sedan p\u00e5 Axelsons och l\u00e4ste till friskv\u00e5rdsmass\u00f6r och Diplomerad massageterapeut.<\/p>\n\n\n\n<p>Startade Mias Massage i februari 2014, blev Akupress\u00f6r\/Stressterapeut 2018.<\/p>\n\n\n\n<p>L\u00e4ste Kompletteringskurs friskv\u00e5rdsmass\u00f6r och massageterapeut f\u00f6r en repetition.<\/p>\n\n\n\n<p>H\u00f6sten 2025 blev jag Medicinsk Massageterapeut som \u00e4r <strong>behandlande massage<\/strong> med fokus p\u00e5 <strong>sm\u00e4rta, skador och funktionsneds\u00e4ttningar<\/strong>, inte enbart avslappning och v\u00e4lbefinnande.<\/p>\n\n\n\n<p><\/p>\n\n\n\n<p><strong>Utbildningar<\/strong><\/p>\n\n\n\n<p>Ber\u00f6ringspedagog, <strong>Taktil massage<\/strong> Gittans Friskv\u00e5rd i Lidk\u00f6ping 2004<\/p>\n\n\n\n<p><strong>Friskv\u00e5rdsmass\u00f6r<\/strong>, Axelsons Gymnastiska institut 2013<\/p>\n\n\n\n<p><strong>Diplomerad massageterapeut<\/strong>, Axelsons Gymnasitiska Institut 2014<\/p>\n\n\n\n<p><strong>Diplomerad Akupress\u00f6r\/stressterapeut<\/strong>, Axelsons Gymnastiska Institut 2016-2018<\/p>\n\n\n\n<p><strong>Akupressur &#8211; Instrukt\u00f6rskurs,<\/strong> Axelsons Gymnastiska Institut 2019<\/p>\n\n\n\n<p><strong>Zonterapi introduktionskurs,<\/strong> Axelsons Institut 2019<\/p>\n\n\n\n<p><strong>Naturlig Facelift<\/strong>, Axelsons institut 2022<\/p>\n\n\n\n<p><strong>Lymfmassage<\/strong>, Axelsons Institut 2021-2022<\/p>\n\n\n\n<p><strong>Kompletteringskurs friskv\u00e5rdsmass\u00f6r<\/strong> &#8211; grundmedicin och anatomi skelett, Axelsons institut 2023<\/p>\n\n\n\n<p><strong>Kompletteringskurs massageterapeut<\/strong> &#8211; anatomi muskler, k\u00e4kledsbehandling, Axelsons Institut 2023<\/p>\n\n\n\n<p><strong>Taktil Behandling<\/strong> &#8211; Taktil massage &#8211; Axelsons Institut 2024<\/p>\n\n\n\n<p><strong>Medicinsk Massageterapeut<\/strong> &#8211; Myofasciel teknik &#8211; Revolving, Idrottsmedicin, Skadel\u00e4ra &amp; Rehabilitering &#8211; Postional release therapy (PRT) &amp; Muskelenergi teknik (MET) Axelsons Institute 2025<\/p>\n\n\n\n<p><\/p>\n","protected":false},"excerpt":{"rendered":"<p>Mitt namn \u00e4r Mia och har alltid varit intresserad av friskv\u00e5rd, b\u00e5de f\u00f6r egen del och viljan av att kunna hj\u00e4lpa andra att m\u00e5 b\u00e4ttre och kunna orka med vardagen, b\u00e5de i arbetslivet och p\u00e5 fritiden. Genom \u00e5ren har jag insett hur stor betydelse fysisk aktivitet, \u00e5terh\u00e4mtning och goda levnadsvanor har f\u00f6r b\u00e5de den fysiska &hellip; <\/p>\n","protected":false},"author":3,"featured_media":0,"parent":0,"menu_order":0,"comment_status":"closed","ping_status":"closed","template":"","meta":{"footnotes":""},"class_list":["post-30","page","type-page","status-publish","hentry"],"_links":{"self":[{"href":"https:\/\/miasmassagemariestad.se\/index.php?rest_route=\/wp\/v2\/pages\/30","targetHints":{"allow":["GET"]}}],"collection":[{"href":"https:\/\/miasmassagemariestad.se\/index.php?rest_route=\/wp\/v2\/pages"}],"about":[{"href":"https:\/\/miasmassagemariestad.se\/index.php?rest_route=\/wp\/v2\/types\/page"}],"author":[{"embeddable":true,"href":"https:\/\/miasmassagemariestad.se\/index.php?rest_route=\/wp\/v2\/users\/3"}],"replies":[{"embeddable":true,"href":"https:\/\/miasmassagemariestad.se\/index.php?rest_route=%2Fwp%2Fv2%2Fcomments&post=30"}],"version-history":[{"count":32,"href":"https:\/\/miasmassagemariestad.se\/index.php?rest_route=\/wp\/v2\/pages\/30\/revisions"}],"predecessor-version":[{"id":594,"href":"https:\/\/miasmassagemariestad.se\/index.php?rest_route=\/wp\/v2\/pages\/30\/revisions\/594"}],"wp:attachment":[{"href":"https:\/\/miasmassagemariestad.se\/index.php?rest_route=%2Fwp%2Fv2%2Fmedia&parent=30"}],"curies":[{"name":"wp","href":"https:\/\/api.w.org\/{rel}","templated":true}]}}